{"id":39,"date":"2024-02-25T19:27:42","date_gmt":"2024-02-25T19:27:42","guid":{"rendered":"https:\/\/rigma.fr\/?page_id=39"},"modified":"2026-05-05T19:00:43","modified_gmt":"2026-05-05T19:00:43","slug":"programme-du-rigma-5","status":"publish","type":"page","link":"https:\/\/rigma.fr\/?page_id=39","title":{"rendered":"Rigma 5"},"content":{"rendered":"\n<p class=\"has-text-align-center\"><strong>5\u00e9me table ronde du RIGMA<br>28 et 29 mars 2024<br>Palais des Arts, Vannes<\/strong><\/p>\n\n\n\n<p>La conservation s\u00e9lective des biens arch\u00e9ologiques mobiliers (BAM)<\/p>\n\n\n\n<p class=\"has-extra-small-font-size\"><strong>Jeudi 28 mars<\/strong><strong><\/strong><\/p>\n\n\n\n<p class=\"has-extra-small-font-size\">9h-10h&nbsp; Accueil des participants<\/p>\n\n\n\n<p class=\"has-extra-small-font-size\"><strong>10h-10h30&nbsp;&nbsp;Ouverture, discours d\u2019accueil<\/strong><\/p>\n\n\n\n<p class=\"has-extra-small-font-size\"><strong>10h30- 11h &#8211; Points d\u2019actualit\u00e9<\/strong><\/p>\n\n\n\n<p class=\"has-extra-small-font-size\">La conservation s\u00e9lective des biens arch\u00e9ologiques mobiliers (BAM) _ cadre l\u00e9gislatif  \/ Anne Chaillou, Minist\u00e8re de la Culture, DGPA, service du Patrimoine, sous-direction de l\u2019Arch\u00e9ologie<\/p>\n\n\n\n<p class=\"has-extra-small-font-size\"><strong>11h-12h \u2013 Faire des choix : chantier des collections et gestion du passif<\/strong><\/p>\n\n\n\n<p class=\"has-extra-small-font-size\">11h-11h30 &#8211; La question du tri \/ s\u00e9lection dans les d\u00e9p\u00f4ts bretons (titre provisoire) \/ V\u00e9ronique Gendrot<strong>, <\/strong>DRAC \/ SRA Bretagne<\/p>\n\n\n\n<p class=\"has-extra-small-font-size\">11h30-12h La d\u00e9marche de conservation s\u00e9lective des mobiliers arch\u00e9ologiques dans le cadre d\u2019un chantier des collections \u00e0 l\u2019\u00e9chelle d\u2019un territoire. \/ Sophie Gizard, DRAC \/ SRA Bourgogne-Franche-Comt\u00e9<\/p>\n\n\n\n<p class=\"has-extra-small-font-size\"><strong>12h-12h30 \u2013 Faire des choix : pr\u00e9sentation des posters<\/strong><\/p>\n\n\n\n<p class=\"has-extra-small-font-size\"><strong><em>12h30-13h45&nbsp;&nbsp;&nbsp;&nbsp;&nbsp;&nbsp;&nbsp;&nbsp;&nbsp;&nbsp;&nbsp;&nbsp;&nbsp; Pause d\u00e9jeuner<\/em><\/strong><\/p>\n\n\n\n<p class=\"has-extra-small-font-size\"><strong>14h-17h- Faire des choix : chantier des collections et gestion du passif (suite)<\/strong><\/p>\n\n\n\n<p class=\"has-extra-small-font-size\">14h-14h30 Quand toute une g\u00e9n\u00e9ration d\u2019arch\u00e9ologues \u00ab amateurs \u00bb remet \u00e0 l\u2019\u00c9tat leurs produits de fouilles : chantiers des collections et choix de conservation pour le Nord \/ Laetitia Maggio, Am\u00e9lie Marie, DRAC \/ SRA Hauts-de-France<\/p>\n\n\n\n<p class=\"has-extra-small-font-size\">14h30-15h&nbsp;De la difficult\u00e9 d\u2019appliquer un tri\/s\u00e9lection aux collections issues de fouilles anciennes \/ Soazic Bezault, Service d\u00e9partemental d\u2019arch\u00e9ologie des Alpes de Haute- Provence<\/p>\n\n\n\n<p class=\"has-extra-small-font-size\">15h-15h30 Conservation s\u00e9lective du mobilier arch\u00e9ologique de l\u2019op\u00e9ration de fouille programm\u00e9e de M\u00e2lain (C\u00f4te d\u2019Or) conserv\u00e9 par le SRA BFC<strong> <\/strong>\/ Violaine Bresson, DRAC \/ SRA Bourgogne-Franche-Comt\u00e9<\/p>\n\n\n\n<p class=\"has-extra-small-font-size\"><strong><em>15h30-16h&nbsp;&nbsp;&nbsp;&nbsp;&nbsp;&nbsp;&nbsp;&nbsp;&nbsp;&nbsp;&nbsp;&nbsp;&nbsp;&nbsp;&nbsp;&nbsp;&nbsp; Pause<\/em><\/strong><\/p>\n\n\n\n<p class=\"has-extra-small-font-size\">16h-16h30&nbsp; \u00ab Choisir, c\u2019est exclure \u00bb : \u00e9volutions du protocole d\u2019\u00e9chantillonnage du mat\u00e9riel arch\u00e9ologique au Mus\u00e9e royal de Mariemont (Belgique) \/ Marie Demelenne, Domaine et Mus\u00e9e royal de Mariemont<\/p>\n\n\n\n<p class=\"has-extra-small-font-size\">16h30-17h \u00ab \u00catre ou ne pas \u00eatre \u00bb un bien culturel maritime (BCM). Choix op\u00e9r\u00e9s sur les BCM du passif dans les d\u00e9p\u00f4ts du Drassm. \/ Nathalie Huet, DRASSM Lila REBOUL, DRASSM<\/p>\n\n\n\n<p class=\"has-extra-small-font-size\"><strong>17h-18h &#8211; Faire des choix : discussions ?<\/strong><\/p>\n\n\n\n<p class=\"has-text-align-center has-extra-small-font-size\"><strong>Vendredi<\/strong><strong> <\/strong><strong>29<\/strong><strong> <\/strong><strong>mars<\/strong><\/p>\n\n\n\n<p class=\"has-extra-small-font-size\"><strong>8h30-9h&nbsp; Accueil des participants<\/strong><\/p>\n\n\n\n<p class=\"has-extra-small-font-size\"><strong>9h-10h \u2013 Faire des choix : le plan de de sauvegarde des biens culturels<\/strong><\/p>\n\n\n\n<p class=\"has-extra-small-font-size\">9h-9h30&nbsp; La s\u00e9lection d\u2019objets arch\u00e9ologiques prioritaires dans le cadre du plan de sauvegarde des biens culturels \/ Silvia Pa\u00efn, Seine et Yvelines Arch\u00e9ologie<\/p>\n\n\n\n<p class=\"has-extra-small-font-size\">9h30-10h&nbsp; Un PSBC au CCE : retour d&#8217;exp\u00e9rience sur le cas particulier des \u00ab petites structures \u00bb \/ J\u00e9r\u00f4me Defaix, Inrap \/ CCE Poitiers et Christine Redien-Lair\u00e9, CCE Poitiers<\/p>\n\n\n\n<p class=\"has-extra-small-font-size\"><strong>10h-12h30 \u2013 Faire des choix : les crit\u00e8res de la recherche<\/strong><\/p>\n\n\n\n<p class=\"has-extra-small-font-size\">10h-10h30&nbsp;&nbsp;Quarante ans d\u2019\u00e9tude et de gestion des mobiliers arch\u00e9ologiques \u00e0 Bibracte \/ Vincent Guichard, Bibracte EPCC La\u00efla Ayache, Bibracte EPCC<\/p>\n\n\n\n<p class=\"has-extra-small-font-size\"><strong><em>10h30-11h&nbsp;&nbsp;&nbsp;&nbsp;&nbsp;&nbsp;&nbsp;&nbsp;&nbsp;&nbsp;&nbsp;&nbsp;&nbsp;&nbsp;&nbsp;&nbsp;&nbsp; Pause<\/em><\/strong><\/p>\n\n\n\n<p class=\"has-extra-small-font-size\">11h-11h30&nbsp; Les grands ensembles de terre cuite : quels enjeux entre pertinence scientifique, gestion et capacit\u00e9 de stockage des mobiliers arch\u00e9ologiques volumineux ? \/ Amandine Charles, Pierre Merlhe, Eveha<\/p>\n\n\n\n<p class=\"has-extra-small-font-size\">11h30-12h30&nbsp;Poser la premi\u00e8re pierre d\u2019une r\u00e9flexion sur la conservation s\u00e9lective des collections lithiques pr\u00e9historiques \/ Aur\u00e9lie Crowch, Service d\u00e9partemental d\u2019arch\u00e9ologie du Morbihan Yoann Chantreau, DRAC \/ SRA Bretagne et Elena Paillet, DRAC \/ SRA Bretagne<\/p>\n\n\n\n<p class=\"has-extra-small-font-size\"><strong><em>12h30-13h45&nbsp;&nbsp;&nbsp;&nbsp;&nbsp;&nbsp;&nbsp;&nbsp;&nbsp;&nbsp;&nbsp;&nbsp;&nbsp; Pause d\u00e9jeuner<\/em><\/strong><\/p>\n\n\n\n<p class=\"has-extra-small-font-size\"><strong>14h-15h- Faire des choix : sur le terrain<\/strong><\/p>\n\n\n\n<p class=\"has-extra-small-font-size\">14h-14h30&nbsp;G\u00e9rer et s\u00e9lectionner le mobilier arch\u00e9ologique sur une fouille urbaine de grande ampleur, le site de la place du 11 Novembre \u00e0 Laval (Mayenne, Pays de la Loire) \/ Gw\u00e9na\u00eblle Petuya, Service Arch\u00e9ologie et Inventaire G\u00e9n\u00e9ral, Ville de Laval<\/p>\n\n\n\n<p class=\"has-extra-small-font-size\">14h30-15h S\u00e9lectionner le mobilier arch\u00e9ologique des conflits r\u00e9cents, du terrain au lieu de conservation p\u00e9renne. Choix et difficult\u00e9s de s\u00e9lection \u00e0 travers l&#8217;exemple de trois fouilles d&#8217;arch\u00e9ologie pr\u00e9ventive r\u00e9alis\u00e9es en Pays de la Loire \/ H\u00e9l\u00e8ne Courty, DRAC \/ SRA Pays de la Loire, Sylvie Labroche, CD Loire-Atlantique, Laboratoire Arc\u2019Antique, Antoine Le Boulaire, Inrap et Guillaume Varennes, DRAC \/ SRA Pays de la Loire<\/p>\n\n\n\n<p class=\"has-extra-small-font-size\"><strong>15h-16h &#8211; Faire des choix : table ronde, discussions et \u00e9changes autour des pratiques<\/strong><\/p>\n\n\n\n<p class=\"has-extra-small-font-size\">16h-16h30&nbsp;&nbsp;Pr\u00e9sentation de la publication des actes de la table ronde RIGMA 4  et Th\u00e9matique des prochaines journ\u00e9es<\/p>\n\n\n\n<p class=\"has-extra-small-font-size\"><strong>Cl\u00f4ture de la table ronde<\/strong><\/p>\n\n\n\n<p class=\"has-extra-small-font-size\"><strong>Posters<\/strong><\/p>\n\n\n\n<ul class=\"wp-block-list\">\n<li class=\"has-extra-small-font-size\">Nathalie Huet, Lila Reboul, Christine Lima, DRASSM, La r\u00e9immersion d\u2019objets issus de d\u00e9couvertes sous-marines pour un temps court ou tr\u00e8s long<\/li>\n\n\n\n<li class=\"has-extra-small-font-size\">Sophie Vauthier, Arch\u00e9ologie Alsace, Protocole de tri-s\u00e9lection mis en place \u00e0 Arch\u00e9ologie Alsace<\/li>\n\n\n\n<li class=\"has-extra-small-font-size\">Margaux Lain\u00e9, Archeodunum, L\u2019arch\u00e9ologie au service des choix de conservation : le cas du d\u00e9p\u00f4t lapidaire du couvent des Jacobins de Rennes (35).<\/li>\n\n\n\n<li class=\"has-extra-small-font-size\">\u00c9lodie Guezennec, Centre d\u00e9partemental de l\u2019arch\u00e9ologie du Finist\u00e8re, Les meules, ces mal-aim\u00e9es des d\u00e9p\u00f4ts<\/li>\n\n\n\n<li class=\"has-extra-small-font-size\">St\u00e9phanie Hurtin, Inrap, Une culture du tri raisonn\u00e9 des biens arch\u00e9ologiques mobiliers (BAM) : l\u2019exemple de l\u2019arch\u00e9ologie pr\u00e9ventive en Bretagne (Inrap). En attente articulation avec communication V\u00e9ronique Gendrot<\/li>\n\n\n\n<li class=\"has-extra-small-font-size\">Sophie Qu\u00e9villon, DRAC Normandie, Tri-s\u00e9lection \u00e0 la mode de Caen. Retour d&#8217;exp\u00e9rience sur le r\u00e9cent chantier des collections men\u00e9 en Normandie<\/li>\n\n\n\n<li class=\"has-extra-small-font-size\">Marielle Duflos, Marion Humbert, Archives d\u00e9partementales du Morbihan, (titre \u00e0 venir)<\/li>\n<\/ul>\n","protected":false},"excerpt":{"rendered":"<p>5\u00e9me table ronde du RIGMA28 et 29 mars 2024Palais des Arts, Vannes La conservation s\u00e9lective des biens arch\u00e9ologiques mobiliers (BAM) [&hellip;]<\/p>\n","protected":false},"author":1,"featured_media":0,"parent":271,"menu_order":2,"comment_status":"closed","ping_status":"closed","template":"","meta":{"_bbp_topic_count":0,"_bbp_reply_count":0,"_bbp_total_topic_count":0,"_bbp_total_reply_count":0,"_bbp_voice_count":0,"_bbp_anonymous_reply_count":0,"_bbp_topic_count_hidden":0,"_bbp_reply_count_hidden":0,"_bbp_forum_subforum_count":0,"_uag_custom_page_level_css":"","site-sidebar-layout":"default","site-content-layout":"","ast-site-content-layout":"default","site-content-style":"default","site-sidebar-style":"default","ast-global-header-display":"","ast-banner-title-visibility":"","ast-main-header-display":"","ast-hfb-above-header-display":"","ast-hfb-below-header-display":"","ast-hfb-mobile-header-display":"","site-post-title":"","ast-breadcrumbs-content":"","ast-featured-img":"","footer-sml-layout":"","ast-disable-related-posts":"","theme-transparent-header-meta":"","adv-header-id-meta":"","stick-header-meta":"","header-above-stick-meta":"","header-main-stick-meta":"","header-below-stick-meta":"","astra-migrate-meta-layouts":"default","ast-page-background-enabled":"default","ast-page-background-meta":{"desktop":{"background-color":"var(--ast-global-color-5)","background-image":"","background-repeat":"repeat","background-position":"center center","background-size":"auto","background-attachment":"scroll","background-type":"","background-media":"","overlay-type":"","overlay-color":"","overlay-opacity":"","overlay-gradient":""},"tablet":{"background-color":"","background-image":"","background-repeat":"repeat","background-position":"center center","background-size":"auto","background-attachment":"scroll","background-type":"","background-media":"","overlay-type":"","overlay-color":"","overlay-opacity":"","overlay-gradient":""},"mobile":{"background-color":"","background-image":"","background-repeat":"repeat","background-position":"center center","background-size":"auto","background-attachment":"scroll","background-type":"","background-media":"","overlay-type":"","overlay-color":"","overlay-opacity":"","overlay-gradient":""}},"ast-content-background-meta":{"desktop":{"background-color":"var(--ast-global-color-4)","background-image":"","background-repeat":"repeat","background-position":"center center","background-size":"auto","background-attachment":"scroll","background-type":"","background-media":"","overlay-type":"","overlay-color":"","overlay-opacity":"","overlay-gradient":""},"tablet":{"background-color":"var(--ast-global-color-4)","background-image":"","background-repeat":"repeat","background-position":"center center","background-size":"auto","background-attachment":"scroll","background-type":"","background-media":"","overlay-type":"","overlay-color":"","overlay-opacity":"","overlay-gradient":""},"mobile":{"background-color":"var(--ast-global-color-4)","background-image":"","background-repeat":"repeat","background-position":"center center","background-size":"auto","background-attachment":"scroll","background-type":"","background-media":"","overlay-type":"","overlay-color":"","overlay-opacity":"","overlay-gradient":""}},"footnotes":""},"class_list":["post-39","page","type-page","status-publish","hentry"],"uagb_featured_image_src":{"full":false,"thumbnail":false,"medium":false,"medium_large":false,"large":false,"1536x1536":false,"2048x2048":false},"uagb_author_info":{"display_name":"Rigma_Admin","author_link":"https:\/\/rigma.fr\/?author=1"},"uagb_comment_info":0,"uagb_excerpt":"5\u00e9me table ronde du RIGMA28 et 29 mars 2024Palais des Arts, Vannes La conservation s\u00e9lective des biens arch\u00e9ologiques mobiliers (BAM) [&hellip;]","_links":{"self":[{"href":"https:\/\/rigma.fr\/index.php?rest_route=\/wp\/v2\/pages\/39","targetHints":{"allow":["GET"]}}],"collection":[{"href":"https:\/\/rigma.fr\/index.php?rest_route=\/wp\/v2\/pages"}],"about":[{"href":"https:\/\/rigma.fr\/index.php?rest_route=\/wp\/v2\/types\/page"}],"author":[{"embeddable":true,"href":"https:\/\/rigma.fr\/index.php?rest_route=\/wp\/v2\/users\/1"}],"replies":[{"embeddable":true,"href":"https:\/\/rigma.fr\/index.php?rest_route=%2Fwp%2Fv2%2Fcomments&post=39"}],"version-history":[{"count":4,"href":"https:\/\/rigma.fr\/index.php?rest_route=\/wp\/v2\/pages\/39\/revisions"}],"predecessor-version":[{"id":98,"href":"https:\/\/rigma.fr\/index.php?rest_route=\/wp\/v2\/pages\/39\/revisions\/98"}],"up":[{"embeddable":true,"href":"https:\/\/rigma.fr\/index.php?rest_route=\/wp\/v2\/pages\/271"}],"wp:attachment":[{"href":"https:\/\/rigma.fr\/index.php?rest_route=%2Fwp%2Fv2%2Fmedia&parent=39"}],"curies":[{"name":"wp","href":"https:\/\/api.w.org\/{rel}","templated":true}]}}