{"id":216,"date":"2026-03-08T22:44:19","date_gmt":"2026-03-08T22:44:19","guid":{"rendered":"https:\/\/rigma.fr\/?page_id=216"},"modified":"2026-03-08T23:07:33","modified_gmt":"2026-03-08T23:07:33","slug":"rigma-6","status":"publish","type":"page","link":"https:\/\/rigma.fr\/","title":{"rendered":"Rigma 6"},"content":{"rendered":"\n<div class=\"wp-block-columns is-layout-flex wp-container-core-columns-is-layout-9d6595d7 wp-block-columns-is-layout-flex\">\n<div class=\"wp-block-column is-layout-flow wp-block-column-is-layout-flow\">\n<figure class=\"wp-block-image size-full\"><img loading=\"lazy\" decoding=\"async\" width=\"584\" height=\"827\" src=\"https:\/\/rigma.fr\/wp-content\/uploads\/2025\/03\/affiche.jpg\" alt=\"\" class=\"wp-image-202\" srcset=\"https:\/\/rigma.fr\/wp-content\/uploads\/2025\/03\/affiche.jpg 584w, https:\/\/rigma.fr\/wp-content\/uploads\/2025\/03\/affiche-212x300.jpg 212w\" sizes=\"auto, (max-width: 584px) 100vw, 584px\" \/><\/figure>\n<\/div>\n<\/div>\n\n\n\n<h2 class=\"wp-block-heading\">Programme <a href=\"https:\/\/rigma.fr\/wp-content\/uploads\/2026\/03\/Programme-RIGMA-62026038.pdf\" data-type=\"link\" data-id=\"https:\/\/rigma.fr\/wp-content\/uploads\/2026\/03\/Programme-RIGMA-62026038.pdf\">ICI<\/a><\/h2>\n\n\n\n<p>9h -10h : Accueil des participants<\/p>\n\n\n\n<p>10h &#8211; 10h30 : Ouverture et discours d\u2019accueil<\/p>\n\n\n\n<h4 class=\"wp-block-heading\"><strong>10h30 \u2013 12h : Session 1 : Produire, structurer et reconstituer la documentation de fouille<\/strong><\/h4>\n\n\n\n<div class=\"wp-block-group alignwide is-style-default\" style=\"padding-right:0;padding-left:0;font-size:17px\"><div class=\"wp-block-group__inner-container is-layout-constrained wp-container-core-group-is-layout-a7c31ef8 wp-block-group-is-layout-constrained\">\n<div class=\"wp-block-group\"><div class=\"wp-block-group__inner-container is-layout-constrained wp-block-group-is-layout-constrained\">\n<p>10h30 &#8211; 11h : <em>Arch\u00e9ologie en temps r\u00e9el. Gestion simultan\u00e9e de la fouille, de la post-fouille et de la documentation arch\u00e9ologique aux Pr\u00e9s-de-Vidy (Lausanne, Suisse)<\/em>, H\u00e9l\u00e8ne Labit-Tlili et Gr\u00e9gory Christinaz (Archeodunum Investigations Arch\u00e9ologiques SA)<\/p>\n\n\n\n<p>11h &#8211; 11h30 : <em>Inventaire de la documentation arch\u00e9ologique. Faire face aux besoins imm\u00e9diats en s\u2019inscrivant dans une d\u00e9marche de long terme<\/em>, Silvia Pa\u00efn (Seine et Yvelines Arch\u00e9ologie)<\/p>\n<\/div><\/div>\n\n\n\n<div class=\"wp-block-group\"><div class=\"wp-block-group__inner-container is-layout-constrained wp-block-group-is-layout-constrained\">\n<div class=\"wp-block-group\"><div class=\"wp-block-group__inner-container is-layout-constrained wp-block-group-is-layout-constrained\">\n<p>11h30 &#8211; 12h : <em>Le traitement des archives de fouille du site arch\u00e9ologique de Vendeuil-Caply : du tri au traitement cartographique des donn\u00e9es<\/em>, Cyril Gaultier (service arch\u00e9ologique de la Communaut\u00e9 de communes Oise-Picarde), Sandra Legrand-Dumortier, Marion Dessaint (mus\u00e9e arch\u00e9ologique de l\u2019Oise) et Val\u00e9rie Kozlowski (mus\u00e9e de La Cour d\u2019Or, Eurom\u00e9tropole de Metz)<\/p>\n<\/div><\/div>\n<\/div><\/div>\n\n\n\n<p>12h \u2013 14h : Pause d\u00e9jeuner libre<\/p>\n<\/div><\/div>\n\n\n\n<h4 class=\"wp-block-heading\"><strong>14h \u2013 15h : Session 2 : Documenter, num\u00e9riser et faire \u00e9voluer les outils de gestion<\/strong><\/h4>\n\n\n\n<p>14h &#8211; 14h30 : <em>Documentation scientifique en contexte : la m\u00e9moire des fouilles au c\u0153ur des collections<\/em>, Elena Rossoni-Notter, Olivier Notter et Abdelkader Moussous (mus\u00e9e d\u2019Anthropologie pr\u00e9historique de Monaco)<\/p>\n\n\n\n<p>14h30 &#8211; 15h : <em>De FileMaker Pro \u00e0 Ishtar : \u00e9volution de la gestion de la documentation arch\u00e9ologique du Bureau de l\u2019Arch\u00e9ologie D\u00e9partementale de la Seine-Saint-Denis<\/em>, Cristina Gon\u00e7alves-Buissart et Pauline Susini-Collin (D\u00e9partement de la Seine-Saint-Denis-bureau du Patrimoine arch\u00e9ologique \/ UMR 7041 ArScAN) et Val\u00e9rie-Emma Leroux (soci\u00e9t\u00e9 Iggdrasil)<\/p>\n\n\n\n<h4 class=\"wp-block-heading\"><strong>15h-15h30 : Pause &#8211; Session Posters 1<\/strong><\/h4>\n\n\n\n<p><strong>15h30 -16h30 : Session 3 : H\u00e9ritages documentaires et collaborations territoriales<\/strong><\/p>\n\n\n\n<div class=\"wp-block-group\"><div class=\"wp-block-group__inner-container is-layout-constrained wp-block-group-is-layout-constrained\">\n<p>15h30 &#8211; 16h : <em>La documentation arch\u00e9ologique, le cas d\u2019Autun. 20 ans de collaboration entre le mus\u00e9e Rolin et le service arch\u00e9ologique municipal<\/em>, Claudine Poirrier-Massard (direction des Mus\u00e9es et du Patrimoine de la ville d\u2019Autun) et Ang\u00e9lique Tisserand (Service arch\u00e9ologique de la Ville d\u2019Autun)<\/p>\n\n\n\n<p>16h &#8211; 16h30 : <em>Collections pr\u00e9historiques du mus\u00e9e du Mas-d\u2019Azil : lacunes de documentation ancienne sur les objets et leur restauration<\/em>, Emeline Grisoni (Conservation Mus\u00e9e Patrimoine Arch\u00e9ologie de l\u2019Ari\u00e8ge) et Caroline Moreau (association Materia Viva)<\/p>\n\n\n\n<p>16h30 -&gt;18h : Visite libre possible du Mus\u00e9e<\/p>\n\n\n\n<p>En parall\u00e8le : <strong>16h30 &#8211; 18h : Assembl\u00e9es g\u00e9n\u00e9rales de l\u2019association A-RIGMA<\/strong><\/p>\n<\/div><\/div>\n\n\n\n<h2 class=\"wp-block-heading\">Vendredi 20 mars 2026<\/h2>\n\n\n\n<p>8h30- 9h : Accueil des participants<\/p>\n\n\n\n<h4 class=\"wp-block-heading\"><strong>9h-10h30 : Session 4 : La documentation arch\u00e9ologique au c\u0153ur des chantiers des collections<\/strong><\/h4>\n\n\n\n<div class=\"wp-block-group\"><div class=\"wp-block-group__inner-container is-layout-constrained wp-block-group-is-layout-constrained\">\n<p>9h &#8211; 9h30 : <em>Retour d\u2019exp\u00e9rience sur le chantier de r\u00e9colement et d\u2019inventaire de la documentation arch\u00e9ologique pr\u00e9alable au chantier des collections<\/em>, Gwenola Robert (SRA Guadeloupe) et Christine Riquier (soci\u00e9t\u00e9 Inexsitu)<\/p>\n\n\n\n<p>9h30 &#8211; 10h : <em>La gestion du mobilier et de la documentation arch\u00e9ologiques au Centre de conservation et d\u2019\u00e9tudes de la r\u00e9gion Centre-Val de Loire, Saint-Jean-de-la-Ruelle (Loi-ret) : un enrichissement r\u00e9ciproque<\/em>, Pascale Araujo (SRA Centre-Val de Loire) ; Marie-Pierre Chambon et Pascal Pautrat (INRAP Centre-\u00cele-de-France)<\/p>\n\n\n\n<p>10h &#8211; 10h30 : <em>La contribution de la collecte documentaire au chantier des collections ar-ch\u00e9ologiques du Centre de conservation et d\u2019\u00e9tudes de Maine-et-Loire (49)<\/em>, Reynald Lucas et Micka\u00ebl Montaudon (p\u00f4le Arch\u00e9ologie, d\u00e9partement du Maine-et-Loire)<\/p>\n<\/div><\/div>\n\n\n\n<h4 class=\"wp-block-heading\"><strong>10h30-11h : Pause &#8211; Session Posters 2<\/strong><\/h4>\n\n\n\n<div class=\"wp-block-group\"><div class=\"wp-block-group__inner-container is-layout-constrained wp-block-group-is-layout-constrained\">\n<p><strong>11h-12h : Session 5 : Comprendre les collections \u00e0 travers la documentation arch\u00e9ologique<\/strong><\/p>\n\n\n\n<p>11h &#8211; 11h30 : <em>Reprise des archives arch\u00e9ologiques anciennes de Rez\u00e9 (Loire-Atlantique) : m\u00e9thodologie et enjeux<\/em>, Camille Chouvenc (Service Arch\u00e9ologique de Nantes M\u00e9tropole)<\/p>\n\n\n\n<p>11h30 &#8211; 12h : <em>Six ann\u00e9es de collaboration archiviste-responsable des biens arch\u00e9ologiques au SRA Hauts-de-France : vers une meilleure compr\u00e9hension des ensembles issus des fouilles <\/em><em>anciennes<\/em>, G\u00e9raldine Faupin et Laetitia Maggio (SRA Hauts-de-France)<\/p>\n\n\n\n<p>12h &#8211; 14h : Pause d\u00e9jeuner libre<\/p>\n<\/div><\/div>\n\n\n\n<h4 class=\"wp-block-heading\"><strong>14h-15h30 : Session 6 : Fonds complexes et atypiques, \u201ccold cases\u201d arch\u00e9ologiques<\/strong><\/h4>\n\n\n\n<div class=\"wp-block-group\"><div class=\"wp-block-group__inner-container is-layout-constrained wp-block-group-is-layout-constrained\">\n<p>14h &#8211; 14h30 : <em>Retour d\u2019exp\u00e9rience : G\u00e9rer un arri\u00e9r\u00e9 de traitement d\u2019archives et assurer une <\/em><em>gestion p\u00e9renne<\/em>, Antigone Imbert (SRA Occitanie) et Erwan Le Gueut (soci\u00e9t\u00e9 Inexsitu)<\/p>\n\n\n\n<p>14h30 &#8211; 15h : <em>Les archives de fouilles de l\u2019abbaye de Cluny (1913-2025), la gestion de <\/em><em>fonds documentaires arch\u00e9ologiques atypiques<\/em>, Florian Galletti (mus\u00e9e et abbaye de Cluny<\/p>\n\n\n\n<p>Centre des monuments nationaux, laboratoire ArAr- UMR 5138 CNRS) et Louise Dou-bremelle (ED 441, laboratoire HiCSA Paris I Panth\u00e9on-Sorbonne)<\/p>\n\n\n\n<p>15h &#8211; 15h30 : <em>Jusqu\u2019o\u00f9 pousser le chantier des collections de la documentation arch\u00e9olo-gique d\u2019un \u00ab cold-case \u00bb ? Int\u00e9r\u00eat et m\u00e9thodologie du chantier des collections de la docu-mentation de la fouille de la Cour Napol\u00e9on (Grand Louvre) en vue de la valorisation de donn\u00e9es non exploit\u00e9es en post-fouille<\/em>, Clara Bernard (mus\u00e9e du Louvre, INHA), Bruno Desachy (universit\u00e9 de Paris 1, UMR 7041 ArScAn), Cynthia Domenech-Jaulneau (SRA \u00cele-de-France et UMR 8215 Trajectoires), Fran\u00e7ois Giligny (universit\u00e9 de Paris 1, UMR 8215 Trajectoires) et No\u00e9mie Latte (mus\u00e9e du Louvre)<\/p>\n<\/div><\/div>\n\n\n\n<h4 class=\"wp-block-heading\"><strong>15h30 &#8211; 16h30 : Actualit\u00e9s de l\u2019association A-RIGMA : point sur la publication des actes du RIGMA 5, th\u00e9matiques des prochaines tables rondes, cl\u00f4ture de la table ronde 2026<\/strong><\/h4>\n\n\n\n<p>16h30 &#8211; 18h : Visite libre possible du Mus\u00e9e<\/p>\n\n\n\n<h3 class=\"wp-block-heading\">Session Posters 1 (jeudi apr\u00e8s-midi)<\/h3>\n\n\n\n<div class=\"wp-block-group\"><div class=\"wp-block-group__inner-container is-layout-constrained wp-block-group-is-layout-constrained\">\n<p><em>Un bin\u00f4me \u00e0 l\u2019\u00e9preuve du chantier des collections de Bourges <\/em>par Laurianne Massot et Carine Sergent (service d\u2019arch\u00e9ologie de Bourges Plus)<\/p>\n\n\n\n<p><em>Fastidieux mais n\u00e9cessaire : inventer une m\u00e9thodologie de r\u00e9colement pour les archives de fouilles au CCE de Lorraine <\/em>par H\u00e9l\u00e8ne Anton et Aur\u00e9lie Pascal (SRA Grand Est)<\/p>\n\n\n\n<p><em>Retour d\u2019exp\u00e9rience sur la documentation arch\u00e9ologique ancienne en Hauts-de-France. Cr\u00e9ation et d\u00e9ploiement d\u2019une \u00ab Fiche Archives \u00bb sp\u00e9cifique : enjeux, m\u00e9thodologie et appropriation <\/em>par G\u00e9raldine Faupin (SRA Hauts-de-France)<\/p>\n\n\n\n<p><em>Archives de fouille en Alsace : un mod\u00e8le bien rod\u00e9 <\/em>par V\u00e9ronique Bodlenner (SRA Grand Est) et Isabelle Lesueur (Arch\u00e9ologie Alsace)<\/p>\n\n\n\n<p><em>Mutualiser la documentation arch\u00e9ologique entre le Mus\u00e9e arch\u00e9ologique d\u00e9partemental et les Archives d\u00e9partementales de la Haute-Garonne : l\u2019exemple du site de Saint-Bertrand de Comminges <\/em>par Josabeth Millereux (mus\u00e9e arch\u00e9ologique d\u00e9partemental de Saint-Bertrand-de-Comminges) et St\u00e9phanie Dumay (Archives d\u00e9partementales de la Haute-Garonne)<\/p>\n<\/div><\/div>\n\n\n\n<h3 class=\"wp-block-heading\"><a><\/a>Session Posters 2 (vendredi matin)<\/h3>\n\n\n\n<div class=\"wp-block-group\"><div class=\"wp-block-group__inner-container is-layout-constrained wp-block-group-is-layout-constrained\">\n<p><em>G\u00e9rer et indexer la documentation scientifique d\u2019un service r\u00e9gional de l\u2019arch\u00e9ologie pour mieux comprendre les donn\u00e9es scientifiques de l\u2019arch\u00e9ologie : un exemple au SRA d\u2019\u00cele-de-France <\/em>par Cynthia Domenech-Jaulneau et B\u00e9atrice Bouet-Langlois (SRA \u00cele-de-France)<\/p>\n\n\n\n<p><em>\u00c9laboration d\u2019un protocole et d\u2019un plan de gestion de la documentation arch\u00e9ologique en Champagne : cr\u00e9er de l\u2019ordre dans le d\u00e9sordre ! <\/em>par Marine Rod\u00e9 et Marie-Laure Bonte (SRA Grand Est)<\/p>\n\n\n\n<p><em>La conservation et l\u2019acc\u00e8s \u00e0 la documentation arch\u00e9ologique au CCEA de Besan\u00e7on <\/em>par Sophie Gizard (SRA Bourgogne-Franche-Comt\u00e9)<\/p>\n\n\n\n<p><em>Le fonds Helmer : num\u00e9risation d\u2019un fonds d\u2019arch\u00e9ologue <\/em>par V\u00e9ronique Bodlenner (SRA Grand Est)<\/p>\n\n\n\n<p><em>Chantier de l\u2019inventaire au contenant et de la num\u00e9risation de la documentation arch\u00e9ologique ancienne <\/em>par Claire Jounin (SRA Bourgogne-Franche-Comt\u00e9)<\/p>\n\n\n\n<p><em>Aux sources du patrimoine arch\u00e9ologique, la documentation de la M\u00e9diath\u00e8que du patrimoine et de la photographie <\/em>par Camille Duclert (M\u00e9diath\u00e8que du patrimoine et de la photographie)<\/p>\n<\/div><\/div>\n","protected":false},"excerpt":{"rendered":"<p>Programme ICI 9h -10h : Accueil des participants 10h &#8211; 10h30 : Ouverture et discours d\u2019accueil 10h30 \u2013 12h : Session 1 : Produire, structurer et reconstituer la documentation de fouille 10h30 &#8211; 11h : Arch\u00e9ologie en temps r\u00e9el. Gestion simultan\u00e9e de la fouille, de la post-fouille et de la documentation arch\u00e9ologique aux Pr\u00e9s-de-Vidy (Lausanne,&hellip; <a class=\"more-link\" href=\"https:\/\/rigma.fr\/\">Poursuivre la lecture <span class=\"screen-reader-text\">Rigma 6<\/span><\/a><\/p>\n","protected":false},"author":2,"featured_media":0,"parent":0,"menu_order":0,"comment_status":"closed","ping_status":"closed","template":"","meta":{"footnotes":""},"class_list":["post-216","page","type-page","status-publish","hentry","entry"],"_links":{"self":[{"href":"https:\/\/rigma.fr\/index.php?rest_route=\/wp\/v2\/pages\/216","targetHints":{"allow":["GET"]}}],"collection":[{"href":"https:\/\/rigma.fr\/index.php?rest_route=\/wp\/v2\/pages"}],"about":[{"href":"https:\/\/rigma.fr\/index.php?rest_route=\/wp\/v2\/types\/page"}],"author":[{"embeddable":true,"href":"https:\/\/rigma.fr\/index.php?rest_route=\/wp\/v2\/users\/2"}],"replies":[{"embeddable":true,"href":"https:\/\/rigma.fr\/index.php?rest_route=%2Fwp%2Fv2%2Fcomments&post=216"}],"version-history":[{"count":4,"href":"https:\/\/rigma.fr\/index.php?rest_route=\/wp\/v2\/pages\/216\/revisions"}],"predecessor-version":[{"id":242,"href":"https:\/\/rigma.fr\/index.php?rest_route=\/wp\/v2\/pages\/216\/revisions\/242"}],"wp:attachment":[{"href":"https:\/\/rigma.fr\/index.php?rest_route=%2Fwp%2Fv2%2Fmedia&parent=216"}],"curies":[{"name":"wp","href":"https:\/\/api.w.org\/{rel}","templated":true}]}}